{"id":1840,"date":"2024-07-09T20:57:37","date_gmt":"2024-07-09T18:57:37","guid":{"rendered":"https:\/\/www.treehousekrasnahorka.sk\/?page_id=1840"},"modified":"2025-05-21T13:36:09","modified_gmt":"2025-05-21T11:36:09","slug":"precitajte-si-o-vyletoch","status":"publish","type":"page","link":"https:\/\/www.treehousekrasnahorka.sk\/en\/precitajte-si-o-vyletoch\/","title":{"rendered":"Read about trips"},"content":{"rendered":"<div data-elementor-type=\"wp-page\" data-elementor-id=\"1840\" class=\"elementor elementor-1840\" data-elementor-post-type=\"page\">\n\t\t\t\t\t\t<section class=\"elementor-section elementor-top-section elementor-element elementor-element-7c6df87 elementor-section-boxed elementor-section-height-default elementor-section-height-default elementor-invisible\" data-id=\"7c6df87\" data-element_type=\"section\" data-settings=\"{&quot;animation&quot;:&quot;fadeInUp&quot;}\">\n\t\t\t\t\t\t<div class=\"elementor-container elementor-column-gap-default\">\n\t\t\t\t\t<div class=\"elementor-column elementor-col-100 elementor-top-column elementor-element elementor-element-5a7cef5\" data-id=\"5a7cef5\" data-element_type=\"column\">\n\t\t\t<div class=\"elementor-widget-wrap elementor-element-populated\">\n\t\t\t\t\t\t<div class=\"elementor-element elementor-element-0055684 elementor-widget elementor-widget-gva-heading-block\" data-id=\"0055684\" data-element_type=\"widget\" data-widget_type=\"gva-heading-block.default\">\n\t\t\t\t<div class=\"elementor-widget-container\">\n\t\t\t\t\t<div class=\"gva-element-gva-heading-block gva-element\">   <div class=\"align-center style-1 widget gsc-heading box-align-left auto-responsive\">\r\n      <div class=\"content-inner\">\r\n         \r\n                  \r\n         <div class=\"sub-title\"><span class=\"tagline\">Tips for trips<\/span><\/div>  \r\n         \r\n                     <h2 class=\"title\">\r\n               <span>Read about trips<\/span>\r\n            <\/h2>\r\n                  \r\n         \r\n         \r\n      <\/div>\r\n   <\/div>\r\n<\/div>\t\t\t\t<\/div>\n\t\t\t\t<\/div>\n\t\t\t\t\t<\/div>\n\t\t<\/div>\n\t\t\t\t\t<\/div>\n\t\t<\/section>\n\t\t\t\t<section class=\"elementor-section elementor-top-section elementor-element elementor-element-40d1cf4 elementor-section-boxed elementor-section-height-default elementor-section-height-default\" data-id=\"40d1cf4\" data-element_type=\"section\">\n\t\t\t\t\t\t<div class=\"elementor-container elementor-column-gap-default\">\n\t\t\t\t\t<div class=\"elementor-column elementor-col-100 elementor-top-column elementor-element elementor-element-e05d3aa\" data-id=\"e05d3aa\" data-element_type=\"column\">\n\t\t\t<div class=\"elementor-widget-wrap elementor-element-populated\">\n\t\t\t\t\t\t<div class=\"elementor-element elementor-element-6d2e590 elementor-invisible elementor-widget elementor-widget-text-editor\" data-id=\"6d2e590\" data-element_type=\"widget\" data-settings=\"{&quot;_animation&quot;:&quot;slideInUp&quot;}\" data-widget_type=\"text-editor.default\">\n\t\t\t\t<div class=\"elementor-widget-container\">\n\t\t\t\t\t\t\t\t\t<p>The most famous attraction near the tree house is the Kr\u00e1sna H\u00f4rka castle, there is a beautiful view of it from the meadow below the tree house. The castle is now under reconstruction and you can see the Andr\u00e1ssy Mausoleum down in the village.<\/p><p>Lovers of history and monuments can also visit the beautiful Betliar Manor House and the reconstructed rococo Andr\u00e1ssy cottage. In the nearby village of Kov\u00e1\u010dov\u00e1 you can go on a tour of the nicely restored water mill.<\/p><p>There is also a bistro in the mill where you can sit and refresh yourself. There are up to 6 accessible caves in the vicinity - Kr\u00e1snohorsk\u00e1 jasky\u0148a, Gombaseck\u00e1 jasky\u0148a, Ochtinsk\u00e1 aragonite cave, Dob\u0161insk\u00e1 ice cave, Domica cave and Jasovsk\u00e1 jasky\u0148a.<\/p><p>Of course, you can go for walks in the forest near the tree house or for longer hikes. Interesting hikes with beautiful views are on Diev\u010densk\u00e1 and Brzot\u00ednsk\u00e1 rock.<\/p><p>You can also go hiking to the ruins of two castles. Turnian Castle near the village of Tur\u0148a nad Bodvou and Sz\u00e1dv\u00e1r Castle in Hungary near the village of Szogliget.<\/p><p>Those who like cycling can bring their own bike or rent one here, including electric bikes at Po\u017ei\u010dajsi.bike in the nearby village of Drnava, or at the Buzg\u00f3 bike rental shop in the village of Kr\u00e1snohorsk\u00e1 Long Meadow. And there is a map of the bike routes in the area on the tree house.<\/p><p>About 25 km from the tree house near the village of Z\u00e1diel is the beautiful Z\u00e1diel Gorge, where you can go for an easy walk. Not far from Z\u00e1diel are the pretty H\u00e1j waterfalls above the village of H\u00e1j, and right nearby in the village is the Fairy Tower on a thread. The Hrhov waterfall is also close by right in the village of Hrhov. Close to the village are the Hrhov Ponds where you can observe the amazing world of birds from two lookout towers.<\/p><p>On warm summer days you can go swimming and boating or paddleboarding on the Tajch \u00dahorn\u00e1 lake or on the Palcmansk\u00e1 Ma\u0161a reservoir near the village of Dedinky in the Slovak Paradise National Park.<\/p><p>From Dedinice you can take a chairlift to the Geravy Mountain. There you can relax and have a snack, or take a walk in the beautiful countryside.<\/p><p>Families with children can visit the family park OBROVISKO with megasoches and SYS\u013dOVISKO in a meadow full of gophers with a fairy-tale nature trail and a mini zoo near the village Mur\u00e1\u0148.<\/p><p>For adventurous souls we have the possibility to ride a horse or take a ride on a horse-drawn carriage at Hobby ride Lipovn\u00edk.<\/p><p>For action-packed guests, there's also the chance to ride the GOMBASEK zipline at Summer Camp in Gombasek. In Gombasek, you can also visit the restored Rococo Andr\u00e1ssy Curio House.<\/p><p>The Gombaseck\u00e1 Cave and Silick\u00e1 glacier are close to the village.<\/p><p>If you like tennis, you can play it in our hall in the village of Kr\u00e1snohorsk\u00e9 Podhradie. And after the day's programme you can go bowling here in the village.<\/p><p>Gastronomy: down in the village you can dine in the Contesa restaurant, in the restaurant At the Iron Count and in the Pizzeria under the castle. You can taste the regional dishes of Gemer in the Koliba Soro\u0161ka restaurant at the top of the Soro\u0161ka mountain pass. You can also dine in the nearby town of Ro\u017e\u0148ava.<\/p><p>There is also the Mining Museum in Ro\u017e\u0148ava - Experience Centre - Sentinel and there is also a possibility to go up to the Watchtower in Ro\u017e\u0148ava and enjoy the view of the town and the Ro\u017e\u0148ava basin.<\/p><p>If you are interested in excellent gastronomy in a nice environment, we recommend the Italian Bistro Ba\u00f3nka in Betliar, or the Gran\u00e1rium restaurant in the nearby village of Jablonov nad Tur\u0148ou.<\/p><p>For more detailed information and links on leisure tips for all options, please visit <strong><span style=\"color: #63ab45;\"><a style=\"color: #63ab45;\" href=\"https:\/\/www.treehousekrasnahorka.sk\/en\/tipy-na-vylet\/\">here<\/a><\/span><\/strong>.<\/p><p>And those who come to relax and enjoy the treehouse experience can stretch a hammock between the trees on the terrace and swing and listen to the birds singing in the treetops. And in the evening, you can play cards or board games that are already prepared for you up in the treehouse.<\/p>\t\t\t\t\t\t\t\t<\/div>\n\t\t\t\t<\/div>\n\t\t\t\t\t<\/div>\n\t\t<\/div>\n\t\t\t\t\t<\/div>\n\t\t<\/section>\n\t\t\t\t<\/div>","protected":false},"excerpt":{"rendered":"<p>Tipy na v\u00fdlety Pre\u010d\u00edtajte si o v\u00fdletoch Najzn\u00e1mej\u0161ia zauj\u00edmavos\u0165 bl\u00edzko stromodomu je hrad Kr\u00e1sna H\u00f4rka, je na neho kr\u00e1sny v\u00fdh\u013ead z l\u00faky pod stromodomom. Hrad je teraz v rekon\u0161trukcii a pozrie\u0165 si m\u00f4\u017eete Mauz\u00f3leum Andr\u00e1ssyovcov dole v obci. Milovn\u00edci hist\u00f3rie a pamiatok m\u00f4\u017eu nav\u0161t\u00edvi\u0165 aj kr\u00e1sny Ka\u0161tie\u013e Betliar a zrekon\u0161truovan\u00fa rokokov\u00fa k\u00fariu Andr\u00e1ssyovcov. V bl\u00edzkej [&hellip;]<\/p>","protected":false},"author":1,"featured_media":0,"parent":0,"menu_order":0,"comment_status":"closed","ping_status":"closed","template":"","meta":{"footnotes":""},"class_list":["post-1840","page","type-page","status-publish","hentry"],"_links":{"self":[{"href":"https:\/\/www.treehousekrasnahorka.sk\/en\/wp-json\/wp\/v2\/pages\/1840","targetHints":{"allow":["GET"]}}],"collection":[{"href":"https:\/\/www.treehousekrasnahorka.sk\/en\/wp-json\/wp\/v2\/pages"}],"about":[{"href":"https:\/\/www.treehousekrasnahorka.sk\/en\/wp-json\/wp\/v2\/types\/page"}],"author":[{"embeddable":true,"href":"https:\/\/www.treehousekrasnahorka.sk\/en\/wp-json\/wp\/v2\/users\/1"}],"replies":[{"embeddable":true,"href":"https:\/\/www.treehousekrasnahorka.sk\/en\/wp-json\/wp\/v2\/comments?post=1840"}],"version-history":[{"count":49,"href":"https:\/\/www.treehousekrasnahorka.sk\/en\/wp-json\/wp\/v2\/pages\/1840\/revisions"}],"predecessor-version":[{"id":5202,"href":"https:\/\/www.treehousekrasnahorka.sk\/en\/wp-json\/wp\/v2\/pages\/1840\/revisions\/5202"}],"wp:attachment":[{"href":"https:\/\/www.treehousekrasnahorka.sk\/en\/wp-json\/wp\/v2\/media?parent=1840"}],"curies":[{"name":"wp","href":"https:\/\/api.w.org\/{rel}","templated":true}]}}