{"id":929,"date":"2024-06-21T17:21:57","date_gmt":"2024-06-21T15:21:57","guid":{"rendered":"https:\/\/www.treehousekrasnahorka.sk\/?page_id=929"},"modified":"2024-07-24T13:30:46","modified_gmt":"2024-07-24T11:30:46","slug":"europsky-fond-regionalneho-rozvoja","status":"publish","type":"page","link":"https:\/\/www.treehousekrasnahorka.sk\/en\/europsky-fond-regionalneho-rozvoja\/","title":{"rendered":"European Regional Development Fund"},"content":{"rendered":"<div data-elementor-type=\"wp-page\" data-elementor-id=\"929\" class=\"elementor elementor-929\" data-elementor-post-type=\"page\">\n\t\t\t\t\t\t<section class=\"elementor-section elementor-top-section elementor-element elementor-element-6b66423 elementor-section-boxed elementor-section-height-default elementor-section-height-default\" data-id=\"6b66423\" data-element_type=\"section\" data-settings=\"{&quot;background_background&quot;:&quot;classic&quot;}\">\n\t\t\t\t\t\t<div class=\"elementor-container elementor-column-gap-default\">\n\t\t\t\t\t<div class=\"elementor-column elementor-col-100 elementor-top-column elementor-element elementor-element-e5ca2cc\" data-id=\"e5ca2cc\" data-element_type=\"column\">\n\t\t\t<div class=\"elementor-widget-wrap elementor-element-populated\">\n\t\t\t\t\t\t<div class=\"elementor-element elementor-element-5f2a49a elementor-widget elementor-widget-text-editor\" data-id=\"5f2a49a\" data-element_type=\"widget\" data-widget_type=\"text-editor.default\">\n\t\t\t\t<div class=\"elementor-widget-container\">\n\t\t\t\t\t\t\t\t\t<p><\/p>\n<p><\/p>\n<p><\/p>\n<p><\/p>\n<p><\/p>\n<p><span style=\"font-weight: 400;\">In the construction of the tree houses we drew funds from <\/span><span style=\"font-weight: 400;\">European Regional Development Fund from the Integrated Regional <\/span><span style=\"font-weight: 400;\">operational programme IROP.<\/span><\/p>\n<p><span style=\"color: #1c231f;\"><strong>Name of the project: <\/strong><\/span>Hunting and sightseeing seat with the possibility of sleeping and resting<\/p>\n<p><span style=\"color: #1c231f;\"><strong>Description of the project objective: <\/strong><\/span><span style=\"font-weight: 400;\">The aim of the project is to improve the tourist infrastructure around Ro\u017e\u0148ava <\/span><span style=\"font-weight: 400;\">- tourism service centre in the region by expanding accommodation capacities. <\/span><span style=\"font-weight: 400;\">The project is aimed at building 2 hunting and sightseeing seats <\/span><span style=\"font-weight: 400;\">with the possibility of sleeping and resting.<\/span><\/p>\n<p><span style=\"color: #1c231f;\"><strong>Recipient: <\/strong><\/span><span style=\"font-weight: 400;\">Monika R\u00e9passyov\u00e1 M.R.<\/span><\/p>\n<p><span style=\"font-weight: 400;\"><span style=\"color: #1c231f;\"><strong>Non-returnable financial contribution: <\/strong><\/span>45724 EUR<\/span><\/p>\n<p><span style=\"font-weight: 400;\"><strong><span style=\"color: #1c231f;\">Amount of financial support from the EU:<\/span> <\/strong>45724 EUR<\/span><\/p>\n<p><\/p>\n<p><\/p>\n<p><\/p>\t\t\t\t\t\t\t\t<\/div>\n\t\t\t\t<\/div>\n\t\t\t\t<div class=\"elementor-element elementor-element-a8745d0 elementor-widget elementor-widget-image\" data-id=\"a8745d0\" data-element_type=\"widget\" data-widget_type=\"image.default\">\n\t\t\t\t<div class=\"elementor-widget-container\">\n\t\t\t\t\t\t\t\t\t\t\t\t\t\t\t<img fetchpriority=\"high\" decoding=\"async\" width=\"1000\" height=\"707\" src=\"https:\/\/www.treehousekrasnahorka.sk\/wp-content\/uploads\/2024\/06\/treehouse-krasna-horka-eu-dotacia.jpg\" class=\"attachment-full size-full wp-image-932\" alt=\"\" srcset=\"https:\/\/www.treehousekrasnahorka.sk\/wp-content\/uploads\/2024\/06\/treehouse-krasna-horka-eu-dotacia.jpg 1000w, https:\/\/www.treehousekrasnahorka.sk\/wp-content\/uploads\/2024\/06\/treehouse-krasna-horka-eu-dotacia-768x543.jpg 768w, https:\/\/www.treehousekrasnahorka.sk\/wp-content\/uploads\/2024\/06\/treehouse-krasna-horka-eu-dotacia-600x424.jpg 600w\" sizes=\"(max-width: 1000px) 100vw, 1000px\" \/>\t\t\t\t\t\t\t\t\t\t\t\t\t\t\t<\/div>\n\t\t\t\t<\/div>\n\t\t\t\t\t<\/div>\n\t\t<\/div>\n\t\t\t\t\t<\/div>\n\t\t<\/section>\n\t\t\t\t<\/div>","protected":false},"excerpt":{"rendered":"<p>Pri v\u00fdstavbe stromodomov sme \u010derpali prostriedky z Eur\u00f3pskeho fondu region\u00e1lneho rozvoja z Integrovan\u00e9ho region\u00e1lneho opera\u010dn\u00e9ho programu IROP. Nazov projektu: Po\u013eovn\u00edcky a vyhliadkov\u00fd posed s mo\u017enos\u0165ou prespania a oddychu Popis cie\u013ea projektu: Cie\u013eom projektu je skvalitnenie turistickej infra\u0161trukt\u00fary okolia Ro\u017e\u0148avy &#8211; centra slu\u017eieb cestovn\u00e9ho ruchu v regi\u00f3ne roz\u0161\u00edren\u00edm ubytovac\u00edch kapac\u00edt. Projekt je zameran\u00fd na vybudovanie 2 [&hellip;]<\/p>","protected":false},"author":2,"featured_media":0,"parent":0,"menu_order":0,"comment_status":"closed","ping_status":"open","template":"","meta":{"footnotes":""},"class_list":["post-929","page","type-page","status-publish","hentry"],"_links":{"self":[{"href":"https:\/\/www.treehousekrasnahorka.sk\/en\/wp-json\/wp\/v2\/pages\/929","targetHints":{"allow":["GET"]}}],"collection":[{"href":"https:\/\/www.treehousekrasnahorka.sk\/en\/wp-json\/wp\/v2\/pages"}],"about":[{"href":"https:\/\/www.treehousekrasnahorka.sk\/en\/wp-json\/wp\/v2\/types\/page"}],"author":[{"embeddable":true,"href":"https:\/\/www.treehousekrasnahorka.sk\/en\/wp-json\/wp\/v2\/users\/2"}],"replies":[{"embeddable":true,"href":"https:\/\/www.treehousekrasnahorka.sk\/en\/wp-json\/wp\/v2\/comments?post=929"}],"version-history":[{"count":26,"href":"https:\/\/www.treehousekrasnahorka.sk\/en\/wp-json\/wp\/v2\/pages\/929\/revisions"}],"predecessor-version":[{"id":3199,"href":"https:\/\/www.treehousekrasnahorka.sk\/en\/wp-json\/wp\/v2\/pages\/929\/revisions\/3199"}],"wp:attachment":[{"href":"https:\/\/www.treehousekrasnahorka.sk\/en\/wp-json\/wp\/v2\/media?parent=929"}],"curies":[{"name":"wp","href":"https:\/\/api.w.org\/{rel}","templated":true}]}}