{"id":1189,"date":"2024-06-24T19:10:01","date_gmt":"2024-06-24T17:10:01","guid":{"rendered":"https:\/\/www.treehousekrasnahorka.sk\/?page_id=1189"},"modified":"2024-08-13T14:56:57","modified_gmt":"2024-08-13T12:56:57","slug":"tipy-na-vylet","status":"publish","type":"page","link":"https:\/\/www.treehousekrasnahorka.sk\/hu\/tipy-na-vylet\/","title":{"rendered":"Kir\u00e1ndul\u00e1si tippek"},"content":{"rendered":"<div data-elementor-type=\"wp-page\" data-elementor-id=\"1189\" class=\"elementor elementor-1189\" data-elementor-post-type=\"page\">\n\t\t\t\t\t\t<section class=\"elementor-section elementor-top-section elementor-element elementor-element-c1d0754 elementor-section-boxed elementor-section-height-default elementor-section-height-default elementor-invisible\" data-id=\"c1d0754\" data-element_type=\"section\" data-settings=\"{&quot;animation&quot;:&quot;fadeInUp&quot;}\">\n\t\t\t\t\t\t<div class=\"elementor-container elementor-column-gap-default\">\n\t\t\t\t\t<div class=\"elementor-column elementor-col-100 elementor-top-column elementor-element elementor-element-315ee60\" data-id=\"315ee60\" data-element_type=\"column\">\n\t\t\t<div class=\"elementor-widget-wrap elementor-element-populated\">\n\t\t\t\t\t\t<div class=\"elementor-element elementor-element-cc09b87 elementor-widget elementor-widget-gva-heading-block\" data-id=\"cc09b87\" data-element_type=\"widget\" data-widget_type=\"gva-heading-block.default\">\n\t\t\t\t<div class=\"elementor-widget-container\">\n\t\t\t\t\t<div class=\"gva-element-gva-heading-block gva-element\">   <div class=\"align-center style-1 widget gsc-heading box-align-left auto-responsive\">\r\n      <div class=\"content-inner\">\r\n         \r\n                  \r\n         <div class=\"sub-title\"><span class=\"tagline\">Fah\u00e1z Kr\u00e1sna H\u00f4rka<\/span><\/div>  \r\n         \r\n                     <h2 class=\"title\">\r\n               <span>Kir\u00e1ndul\u00e1si tippek<\/span>\r\n            <\/h2>\r\n                  \r\n         \r\n         \r\n      <\/div>\r\n   <\/div>\r\n<\/div>\t\t\t\t<\/div>\n\t\t\t\t<\/div>\n\t\t\t\t\t<\/div>\n\t\t<\/div>\n\t\t\t\t\t<\/div>\n\t\t<\/section>\n\t\t\t\t<section class=\"elementor-section elementor-top-section elementor-element elementor-element-2ac74c4 elementor-section-boxed elementor-section-height-default elementor-section-height-default\" data-id=\"2ac74c4\" data-element_type=\"section\">\n\t\t\t\t\t\t<div class=\"elementor-container elementor-column-gap-default\">\n\t\t\t\t\t<div class=\"elementor-column elementor-col-100 elementor-top-column elementor-element elementor-element-2d8cdf9\" data-id=\"2d8cdf9\" data-element_type=\"column\">\n\t\t\t<div class=\"elementor-widget-wrap elementor-element-populated\">\n\t\t\t\t\t\t<div class=\"elementor-element elementor-element-f49ff42 elementor-invisible elementor-widget elementor-widget-gva-posts\" data-id=\"f49ff42\" data-element_type=\"widget\" data-settings=\"{&quot;_animation&quot;:&quot;fadeInUp&quot;}\" data-widget_type=\"gva-posts.default\">\n\t\t\t\t<div class=\"elementor-widget-container\">\n\t\t\t\t\t<div class=\"gva-element-gva-posts gva-element\">  \r\n  <div class=\"gva-posts-grid clearfix gva-posts\">\r\n\t\t<div class=\"gva-content-items\"> \r\n\t\t  <div class=\"lg-block-grid-3 md-block-grid-3 sm-block-grid-2 xs-block-grid-2 xx-block-grid-1\">\r\n\t\t\t <div class=\"item-columns\"><article class=\"post-76 post type-post status-publish format-standard has-post-thumbnail hentry category-historicke-pamiatky category-krasy-prirody tag-dobrodruzstvo tag-dovolenka tag-oddych tag-pohoda tag-prazdniny tag-relax tag-stromodom tag-treehouse\">\r\n   <div class=\"post post-one__single has-thumbnail\">\r\n      <div class=\"post-one__wrap\">\r\n         <div class=\"post-one__thumbnail\"><a href=\"https:\/\/www.treehousekrasnahorka.sk\/hu\/hrad-krasna-horka\/\"><img fetchpriority=\"high\" decoding=\"async\" width=\"500\" height=\"360\" src=\"https:\/\/www.treehousekrasnahorka.sk\/wp-content\/uploads\/2022\/12\/hrad-krasna-horka-500x360.jpg\" class=\"attachment-post-thumbnail size-post-thumbnail wp-post-image\" alt=\"Hrad Kr\u00e1sna H\u00f4rka\" \/><\/a><div class=\"entry-date\"><span class=\"date\">19<\/span><span class=\"month\">\u00faj<\/span><\/div><\/div>       \r\n         <div class=\"post-one__content\">\r\n            <div class=\"post-one__category\"><span class=\"cat-links\"><a href=\"https:\/\/www.treehousekrasnahorka.sk\/hu\/category\/historicke-pamiatky\/\" rel=\"category tag\">T\u00f6rt\u00e9nelmi m\u0171eml\u00e9kek<\/a>, <a href=\"https:\/\/www.treehousekrasnahorka.sk\/hu\/category\/krasy-prirody\/\" rel=\"category tag\">A term\u00e9szet sz\u00e9ps\u00e9ge<\/a><\/span><\/div>            <div class=\"post-one__content-inner\">\r\n               \r\n               <div class=\"post-one__meta\">\r\n                  <div class=\"clearfix meta-inline post-meta-1\"><span class=\"author vcard\"><i class=\"fas fa-user-circle\"><\/i>A\u011fa\u00e7 Ev Kr\u00e1sna H\u00f4rka<\/span><\/div>               <\/div> \r\n               <h3 class=\"post-one__title\"><a href=\"https:\/\/www.treehousekrasnahorka.sk\/hu\/hrad-krasna-horka\/\" rel=\"bookmark\">Kr\u00e1sna H\u00f4rka kast\u00e9ly<\/a><\/h3>\r\n               <div class=\"post-one__desc\">Kr\u00e1sna H\u00f4rka v\u00e1r\u00e1nak t\u00f6rt\u00e9nete az egyetlen olyan szlov\u00e1kiai v\u00e1r, amelynek \u00e9p\u00edt\u00e9szete \u00e9s gy\u0171jtem\u00e9nyei szinte teljes eg\u00e9sz\u00e9ben fennmaradtak.<\/div>               <div class=\"post-one__bottom\">\r\n                  <a class=\"post-one__read-more\" href=\"https:\/\/www.treehousekrasnahorka.sk\/hu\/hrad-krasna-horka\/\">\r\n                    Olvass tov\u00e1bb                    <i class=\"fa-solid fa-arrow-right\"><\/i>\r\n                  <\/a>\r\n               <\/div>\r\n            <\/div>\r\n         <\/div>\r\n      <\/div>   \r\n   <\/div>   \r\n<\/article><\/div><div class=\"item-columns\"><article class=\"post-6505 post type-post status-publish format-standard hentry category-historicke-pamiatky\">\r\n   <div class=\"post post-one__single has-no-thumbnail\">\r\n      <div class=\"post-one__wrap\">\r\n                \r\n         <div class=\"post-one__content\">\r\n            <div class=\"post-one__category\"><span class=\"cat-links\"><a href=\"https:\/\/www.treehousekrasnahorka.sk\/hu\/category\/historicke-pamiatky\/\" rel=\"category tag\">T\u00f6rt\u00e9nelmi m\u0171eml\u00e9kek<\/a><\/span><\/div>            <div class=\"post-one__content-inner\">\r\n               \r\n               <div class=\"post-one__meta\">\r\n                  <div class=\"clearfix meta-inline post-meta-1\"><span class=\"author vcard\"><i class=\"fas fa-user-circle\"><\/i>A\u011fa\u00e7 Ev Kr\u00e1sna H\u00f4rka<\/span><\/div>               <\/div> \r\n               <h3 class=\"post-one__title\"><a href=\"https:\/\/www.treehousekrasnahorka.sk\/hu\/obzor-kazino-vavada-bonusy-i-igrovye-predlozheniia\/\" rel=\"bookmark\">\u041e\u0431\u0437\u043e\u0440 \u043a\u0430\u0437\u0438\u043d\u043e \u0412\u0430\u0432\u0430\u0434\u0430 \u0431\u043e\u043d\u0443\u0441\u044b \u0438 \u0438\u0433\u0440\u043e\u0432\u044b\u0435 \u043f\u0440\u0435\u0434\u043b\u043e\u0436\u0435\u043d\u0438\u044f<\/a><\/h3>\r\n               <div class=\"post-one__desc\">\u0412\u0430\u0432\u0430\u0434\u0430 \u043a\u0430\u0437\u0438\u043d\u043e \u043e\u0442\u0437\u044b\u0432\u044b \u043e \u0431\u043e\u043d\u0443\u0441\u0430\u0445 \u0438 \u0438\u0433\u0440\u043e\u0432\u044b\u0445 \u043f\u0440\u0435\u0434\u043b\u043e\u0436\u0435\u043d\u0438\u044f\u0445 \u041e\u0431\u0437\u043e\u0440 \u043a\u0430\u0437\u0438\u043d\u043e \u0412\u0430\u0432\u0430\u0434\u0430 \u0431\u043e\u043d\u0443\u0441\u044b \u0438 \u0438\u0433\u0440\u043e\u0432\u044b\u0435 \u043f\u0440\u0435\u0434\u043b\u043e\u0436\u0435\u043d\u0438\u044f<\/div>               <div class=\"post-one__bottom\">\r\n                  <a class=\"post-one__read-more\" href=\"https:\/\/www.treehousekrasnahorka.sk\/hu\/obzor-kazino-vavada-bonusy-i-igrovye-predlozheniia\/\">\r\n                    Olvass tov\u00e1bb                    <i class=\"fa-solid fa-arrow-right\"><\/i>\r\n                  <\/a>\r\n               <\/div>\r\n            <\/div>\r\n         <\/div>\r\n      <\/div>   \r\n   <\/div>   \r\n<\/article><\/div><div class=\"item-columns\"><article class=\"post-5252 post type-post status-publish format-standard hentry category-historicke-pamiatky\">\r\n   <div class=\"post post-one__single has-no-thumbnail\">\r\n      <div class=\"post-one__wrap\">\r\n                \r\n         <div class=\"post-one__content\">\r\n            <div class=\"post-one__category\"><span class=\"cat-links\"><a href=\"https:\/\/www.treehousekrasnahorka.sk\/hu\/category\/historicke-pamiatky\/\" rel=\"category tag\">T\u00f6rt\u00e9nelmi m\u0171eml\u00e9kek<\/a><\/span><\/div>            <div class=\"post-one__content-inner\">\r\n               \r\n               <div class=\"post-one__meta\">\r\n                  <div class=\"clearfix meta-inline post-meta-1\"><span class=\"author vcard\"><i class=\"fas fa-user-circle\"><\/i>A\u011fa\u00e7 Ev Kr\u00e1sna H\u00f4rka<\/span><\/div>               <\/div> \r\n               <h3 class=\"post-one__title\"><a href=\"https:\/\/www.treehousekrasnahorka.sk\/hu\/vavada-kazino-sait\/\" rel=\"bookmark\">\u0412\u0430\u0432\u0430\u0434\u0430 \u043a\u0430\u0437\u0438\u043d\u043e \u0441\u0430\u0439\u0442<\/a><\/h3>\r\n               <div class=\"post-one__desc\">\u041e\u0431\u0437\u043e\u0440 \u043a\u0430\u0437\u0438\u043d\u043e \u0412\u0430\u0432\u0430\u0434\u0430 \u0432\u043e\u0437\u043c\u043e\u0436\u043d\u043e\u0441\u0442\u0438 \u0438 \u043e\u0441\u043e\u0431\u0435\u043d\u043d\u043e\u0441\u0442\u0438 \u0441\u0430\u0439\u0442\u0430 \u0412\u0430\u0432\u0430\u0434\u0430 \u043a\u0430\u0437\u0438\u043d\u043e \u0441\u0430\u0439\u0442 \u0415\u0441\u043b\u0438 \u0438\u0449\u0435\u0442\u0435 \u043f\u043b\u0430\u0442\u0444\u043e\u0440\u043c\u0443 \u0434\u043b\u044f \u0430\u0437\u0430\u0440\u0442\u043d\u044b\u0445<\/div>               <div class=\"post-one__bottom\">\r\n                  <a class=\"post-one__read-more\" href=\"https:\/\/www.treehousekrasnahorka.sk\/hu\/vavada-kazino-sait\/\">\r\n                    Olvass tov\u00e1bb                    <i class=\"fa-solid fa-arrow-right\"><\/i>\r\n                  <\/a>\r\n               <\/div>\r\n            <\/div>\r\n         <\/div>\r\n      <\/div>   \r\n   <\/div>   \r\n<\/article><\/div><div class=\"item-columns\"><article class=\"post-6260 post type-post status-publish format-standard hentry category-historicke-pamiatky\">\r\n   <div class=\"post post-one__single has-no-thumbnail\">\r\n      <div class=\"post-one__wrap\">\r\n                \r\n         <div class=\"post-one__content\">\r\n            <div class=\"post-one__category\"><span class=\"cat-links\"><a href=\"https:\/\/www.treehousekrasnahorka.sk\/hu\/category\/historicke-pamiatky\/\" rel=\"category tag\">T\u00f6rt\u00e9nelmi m\u0171eml\u00e9kek<\/a><\/span><\/div>            <div class=\"post-one__content-inner\">\r\n               \r\n               <div class=\"post-one__meta\">\r\n                  <div class=\"clearfix meta-inline post-meta-1\"><span class=\"author vcard\"><i class=\"fas fa-user-circle\"><\/i>A\u011fa\u00e7 Ev Kr\u00e1sna H\u00f4rka<\/span><\/div>               <\/div> \r\n               <h3 class=\"post-one__title\"><a href=\"https:\/\/www.treehousekrasnahorka.sk\/hu\/korzysci-rejestracji-w-kasynie-vavada-dla-graczy\/\" rel=\"bookmark\">Korzy\u015bci rejestracji w kasynie Vavada dla graczy<\/a><\/h3>\r\n               <div class=\"post-one__desc\">Korzy\u015bci z rejestracji w kasynie Vavada dla graczy Korzy\u015bci rejestracji w kasynie Vavada dla graczy<\/div>               <div class=\"post-one__bottom\">\r\n                  <a class=\"post-one__read-more\" href=\"https:\/\/www.treehousekrasnahorka.sk\/hu\/korzysci-rejestracji-w-kasynie-vavada-dla-graczy\/\">\r\n                    Olvass tov\u00e1bb                    <i class=\"fa-solid fa-arrow-right\"><\/i>\r\n                  <\/a>\r\n               <\/div>\r\n            <\/div>\r\n         <\/div>\r\n      <\/div>   \r\n   <\/div>   \r\n<\/article><\/div><div class=\"item-columns\"><article class=\"post-7889 post type-post status-publish format-standard hentry category-historicke-pamiatky\">\r\n   <div class=\"post post-one__single has-no-thumbnail\">\r\n      <div class=\"post-one__wrap\">\r\n                \r\n         <div class=\"post-one__content\">\r\n            <div class=\"post-one__category\"><span class=\"cat-links\"><a href=\"https:\/\/www.treehousekrasnahorka.sk\/hu\/category\/historicke-pamiatky\/\" rel=\"category tag\">T\u00f6rt\u00e9nelmi m\u0171eml\u00e9kek<\/a><\/span><\/div>            <div class=\"post-one__content-inner\">\r\n               \r\n               <div class=\"post-one__meta\">\r\n                  <div class=\"clearfix meta-inline post-meta-1\"><span class=\"author vcard\"><i class=\"fas fa-user-circle\"><\/i>A\u011fa\u00e7 Ev Kr\u00e1sna H\u00f4rka<\/span><\/div>               <\/div> \r\n               <h3 class=\"post-one__title\"><a href=\"https:\/\/www.treehousekrasnahorka.sk\/hu\/bystraia-zagruzka-vavada-s-saita-bez-riska-i-problem\/\" rel=\"bookmark\">\u0411\u044b\u0441\u0442\u0440\u0430\u044f \u0437\u0430\u0433\u0440\u0443\u0437\u043a\u0430 \u0412\u0430\u0432\u0430\u0434\u0430 \u0441 \u0441\u0430\u0439\u0442\u0430 \u0431\u0435\u0437 \u0440\u0438\u0441\u043a\u0430 \u0438 \u043f\u0440\u043e\u0431\u043b\u0435\u043c<\/a><\/h3>\r\n               <div class=\"post-one__desc\">\u0411\u044b\u0441\u0442\u0440\u0430\u044f \u0438 \u0431\u0435\u0437\u043e\u043f\u0430\u0441\u043d\u0430\u044f \u0437\u0430\u0433\u0440\u0443\u0437\u043a\u0430 \u0412\u0430\u0432\u0430\u0434\u0430 \u0441 \u0441\u0430\u0439\u0442\u0430 \u0411\u044b\u0441\u0442\u0440\u0430\u044f \u0437\u0430\u0433\u0440\u0443\u0437\u043a\u0430 \u0412\u0430\u0432\u0430\u0434\u0430 \u0441 \u0441\u0430\u0439\u0442\u0430 \u0431\u0435\u0437 \u0440\u0438\u0441\u043a\u0430 \u0438<\/div>               <div class=\"post-one__bottom\">\r\n                  <a class=\"post-one__read-more\" href=\"https:\/\/www.treehousekrasnahorka.sk\/hu\/bystraia-zagruzka-vavada-s-saita-bez-riska-i-problem\/\">\r\n                    Olvass tov\u00e1bb                    <i class=\"fa-solid fa-arrow-right\"><\/i>\r\n                  <\/a>\r\n               <\/div>\r\n            <\/div>\r\n         <\/div>\r\n      <\/div>   \r\n   <\/div>   \r\n<\/article><\/div><div class=\"item-columns\"><article class=\"post-1448 post type-post status-publish format-standard has-post-thumbnail hentry category-historicke-pamiatky category-krasy-prirody tag-dobrodruzstvo tag-dovolenka tag-oddych tag-pohoda tag-prazdniny tag-relax tag-stromodom tag-treehouse\">\r\n   <div class=\"post post-one__single has-thumbnail\">\r\n      <div class=\"post-one__wrap\">\r\n         <div class=\"post-one__thumbnail\"><a href=\"https:\/\/www.treehousekrasnahorka.sk\/hu\/kastiel-betliar\/\"><img decoding=\"async\" width=\"500\" height=\"360\" src=\"https:\/\/www.treehousekrasnahorka.sk\/wp-content\/uploads\/2024\/07\/treehousekrasnahorka-kastiel-betliar1-500x360.jpg\" class=\"attachment-post-thumbnail size-post-thumbnail wp-post-image\" alt=\"Ka\u0161tie\u013e Betliar\" \/><\/a><div class=\"entry-date\"><span class=\"date\">15<\/span><span class=\"month\">Febru\u00e1r<\/span><\/div><\/div>       \r\n         <div class=\"post-one__content\">\r\n            <div class=\"post-one__category\"><span class=\"cat-links\"><a href=\"https:\/\/www.treehousekrasnahorka.sk\/hu\/category\/historicke-pamiatky\/\" rel=\"category tag\">T\u00f6rt\u00e9nelmi m\u0171eml\u00e9kek<\/a>, <a href=\"https:\/\/www.treehousekrasnahorka.sk\/hu\/category\/krasy-prirody\/\" rel=\"category tag\">A term\u00e9szet sz\u00e9ps\u00e9ge<\/a><\/span><\/div>            <div class=\"post-one__content-inner\">\r\n               \r\n               <div class=\"post-one__meta\">\r\n                  <div class=\"clearfix meta-inline post-meta-1\"><span class=\"author vcard\"><i class=\"fas fa-user-circle\"><\/i>A\u011fa\u00e7 Ev Kr\u00e1sna H\u00f4rka<\/span><\/div>               <\/div> \r\n               <h3 class=\"post-one__title\"><a href=\"https:\/\/www.treehousekrasnahorka.sk\/hu\/kastiel-betliar\/\" rel=\"bookmark\">Betliar Manor<\/a><\/h3>\r\n               <div class=\"post-one__desc\">A betli\u00e1ri kast\u00e9ly az egyetlen olyan kast\u00e9ly Szlov\u00e1ki\u00e1ban, amelyet 1945 ut\u00e1n is meg\u0151riztek, \u00e9s amely az 1945.<\/div>               <div class=\"post-one__bottom\">\r\n                  <a class=\"post-one__read-more\" href=\"https:\/\/www.treehousekrasnahorka.sk\/hu\/kastiel-betliar\/\">\r\n                    Olvass tov\u00e1bb                    <i class=\"fa-solid fa-arrow-right\"><\/i>\r\n                  <\/a>\r\n               <\/div>\r\n            <\/div>\r\n         <\/div>\r\n      <\/div>   \r\n   <\/div>   \r\n<\/article><\/div>\t\t  <\/div>\r\n\t\t<\/div>\r\n\t\t\t\t\t <div class=\"pagination\">\r\n\t\t\t\t  <div class=\"column one pager_wrapper\"><div class=\"pager\"><div class=\"paginations\"><a href=\"https:\/\/www.treehousekrasnahorka.sk\/hu\/wp-json\/wp\/v2\/pages\/1189\/\" class=\"page-item active\">1<\/a><a href=\"https:\/\/www.treehousekrasnahorka.sk\/hu\/wp-json\/wp\/v2\/pages\/1189\/page\/2\/\" class=\"page-item\">2<\/a><a href=\"https:\/\/www.treehousekrasnahorka.sk\/hu\/wp-json\/wp\/v2\/pages\/1189\/page\/3\/\" class=\"page-item\">3<\/a><span class=\"page-item\">... <\/span><a href=\"https:\/\/www.treehousekrasnahorka.sk\/hu\/wp-json\/wp\/v2\/pages\/1189\/page\/580\/\" class=\"page-item\">580<\/a><a class=\"next_page\" href=\"https:\/\/www.treehousekrasnahorka.sk\/hu\/wp-json\/wp\/v2\/pages\/1189\/page\/2\/\"><i class=\"fas fa-chevron-right\"><\/i><\/a><\/div><\/div><\/div>\n\t\t\t <\/div>\r\n\t\t  <\/div>\r\n  <\/div>\t\t\t\t<\/div>\n\t\t\t\t<\/div>\n\t\t\t\t\t<\/div>\n\t\t<\/div>\n\t\t\t\t\t<\/div>\n\t\t<\/section>\n\t\t\t\t<\/div>","protected":false},"excerpt":{"rendered":"<p>Fah\u00e1z Kr\u00e1sna H\u00f4rka Tippek kir\u00e1ndul\u00e1sokhoz 19nov T\u00f6rt\u00e9nelmi eml\u00e9kek, term\u00e9szeti sz\u00e9ps\u00e9gek Fah\u00e1z Kr\u00e1sna H\u00f4rka Kr\u00e1sna H\u00f4rka Kr\u00e1sna H\u00f4rka v\u00e1r Kr\u00e1sna H\u00f4rka v\u00e1r t\u00f6rt\u00e9nete Kr\u00e1sna H\u00f4rka v\u00e1r az egyetlen szlov\u00e1kiai v\u00e1r, amelynek \u00e9p\u00edt\u00e9szete \u00e9s gy\u0171jtem\u00e9nyei szinte teljesen megmaradtak R\u00e9szletek 15feb T\u00f6rt\u00e9nelmi eml\u00e9kek, term\u00e9szeti sz\u00e9ps\u00e9gek Fah\u00e1z Kr\u00e1sna H\u00f4rka Betliar Manor A Betliar Manor az egyetlen [...]<\/p>","protected":false},"author":1,"featured_media":0,"parent":0,"menu_order":0,"comment_status":"closed","ping_status":"open","template":"","meta":{"footnotes":""},"class_list":["post-1189","page","type-page","status-publish","hentry"],"_links":{"self":[{"href":"https:\/\/www.treehousekrasnahorka.sk\/hu\/wp-json\/wp\/v2\/pages\/1189","targetHints":{"allow":["GET"]}}],"collection":[{"href":"https:\/\/www.treehousekrasnahorka.sk\/hu\/wp-json\/wp\/v2\/pages"}],"about":[{"href":"https:\/\/www.treehousekrasnahorka.sk\/hu\/wp-json\/wp\/v2\/types\/page"}],"author":[{"embeddable":true,"href":"https:\/\/www.treehousekrasnahorka.sk\/hu\/wp-json\/wp\/v2\/users\/1"}],"replies":[{"embeddable":true,"href":"https:\/\/www.treehousekrasnahorka.sk\/hu\/wp-json\/wp\/v2\/comments?post=1189"}],"version-history":[{"count":79,"href":"https:\/\/www.treehousekrasnahorka.sk\/hu\/wp-json\/wp\/v2\/pages\/1189\/revisions"}],"predecessor-version":[{"id":4490,"href":"https:\/\/www.treehousekrasnahorka.sk\/hu\/wp-json\/wp\/v2\/pages\/1189\/revisions\/4490"}],"wp:attachment":[{"href":"https:\/\/www.treehousekrasnahorka.sk\/hu\/wp-json\/wp\/v2\/media?parent=1189"}],"curies":[{"name":"wp","href":"https:\/\/api.w.org\/{rel}","templated":true}]}}