{"id":37,"date":"2022-12-19T02:32:04","date_gmt":"2022-12-19T02:32:04","guid":{"rendered":"https:\/\/gaviaspreview.com\/wp\/gowilds\/?page_id=37"},"modified":"2025-05-21T13:31:14","modified_gmt":"2025-05-21T11:31:14","slug":"treehouse","status":"publish","type":"page","link":"https:\/\/www.treehousekrasnahorka.sk\/hu\/treehouse\/","title":{"rendered":"TreeHouse"},"content":{"rendered":"<div data-elementor-type=\"wp-page\" data-elementor-id=\"37\" class=\"elementor elementor-37\" data-elementor-post-type=\"page\">\n\t\t\t\t\t\t<section class=\"elementor-section elementor-top-section elementor-element elementor-element-d0188a8 elementor-section-boxed elementor-section-height-default elementor-section-height-default\" data-id=\"d0188a8\" data-element_type=\"section\" data-settings=\"{&quot;background_background&quot;:&quot;classic&quot;}\">\n\t\t\t\t\t\t\t<div class=\"elementor-background-overlay\"><\/div>\n\t\t\t\t\t\t\t<div class=\"elementor-container elementor-column-gap-default\">\n\t\t\t\t\t<div class=\"elementor-column elementor-col-100 elementor-top-column elementor-element elementor-element-4629001\" data-id=\"4629001\" data-element_type=\"column\">\n\t\t\t<div class=\"elementor-widget-wrap elementor-element-populated\">\n\t\t\t\t\t\t<div class=\"elementor-element elementor-element-ac1d607 elementor-widget elementor-widget-gva-heading-block\" data-id=\"ac1d607\" data-element_type=\"widget\" data-widget_type=\"gva-heading-block.default\">\n\t\t\t\t<div class=\"elementor-widget-container\">\n\t\t\t\t\t<div class=\"gva-element-gva-heading-block gva-element\">   <div class=\"align-center style-1 widget gsc-heading box-align-left auto-responsive\">\r\n      <div class=\"content-inner\">\r\n         \r\n                  \r\n           \r\n         \r\n                     <h2 class=\"title\">\r\n               <span>\u00c9jszakai \u00e9lm\u00e9ny<\/span>\r\n            <\/h2>\r\n                  \r\n                     <div class=\"title-desc\">a fah\u00e1zban<\/div>\r\n         \r\n         \r\n      <\/div>\r\n   <\/div>\r\n<\/div>\t\t\t\t<\/div>\n\t\t\t\t<\/div>\n\t\t\t\t\t<\/div>\n\t\t<\/div>\n\t\t\t\t\t<\/div>\n\t\t<\/section>\n\t\t\t\t<section class=\"elementor-section elementor-top-section elementor-element elementor-element-b308b1e elementor-section-boxed elementor-section-height-default elementor-section-height-default\" data-id=\"b308b1e\" data-element_type=\"section\" data-settings=\"{&quot;background_background&quot;:&quot;classic&quot;}\">\n\t\t\t\t\t\t\t<div class=\"elementor-background-overlay\"><\/div>\n\t\t\t\t\t\t\t<div class=\"elementor-container elementor-column-gap-default\">\n\t\t\t\t\t<div class=\"elementor-column elementor-col-100 elementor-top-column elementor-element elementor-element-78c354e\" data-id=\"78c354e\" data-element_type=\"column\">\n\t\t\t<div class=\"elementor-widget-wrap elementor-element-populated\">\n\t\t\t\t\t\t<div class=\"elementor-element elementor-element-b3bf0af animated-slow elementor-invisible elementor-widget elementor-widget-gva-services\" data-id=\"b3bf0af\" data-element_type=\"widget\" data-settings=\"{&quot;_animation&quot;:&quot;slideInUp&quot;}\" data-widget_type=\"gva-services.default\">\n\t\t\t\t<div class=\"elementor-widget-container\">\n\t\t\t\t\t<div class=\"gva-element-gva-services gva-element\">\r\n<div class=\"gsc-services layout-grid\">\r\n   <div class=\"lg-block-grid-2 md-block-grid-2 sm-block-grid-2 xs-block-grid-1 xx-block-grid-1\">\r\n      <div class=\"item-columns\">\r\n<div class=\"service-one__single\"><div class=\"service-one__content\"><div class=\"service-one__image\"><img decoding=\"async\" src=\"https:\/\/www.treehousekrasnahorka.sk\/wp-content\/uploads\/2024\/07\/treehouse-bebek-galeria-a.jpg\" alt=\"TreeHouse BEBEK\"\/><span class=\"service-one__icon\"><svg xmlns=\"http:\/\/www.w3.org\/2000\/svg\" xmlns:xlink=\"http:\/\/www.w3.org\/1999\/xlink\" id=\"Layer_1\" x=\"0px\" y=\"0px\" viewbox=\"0 0 90.7 75\" style=\"enable-background:new 0 0 90.7 75;\" xml:space=\"preserve\"><style type=\"text\/css\">\t.st0{fill-rule:evenodd;clip-rule:evenodd;fill:#F3F8F6;}<\/style><g>\t<path class=\"st0\" d=\"M17.5,41l4.8-2.9v21.2h-1.8v3.5h2.1v12.3H30V62.8h12.6v12.3h7.3V62.8h12.6v12.3h7.3V62.8h2.1v-3.5h-1.8V38.1  L75,41v-4l-4.9-2.9c1.3-3,5.5-9.1,18.2-12.8c0,0-5.4,0-10.7,1.5c0,0-1.6-7.6-1-11.7c0,0-3.1,9.4-2.6,12.9c0,0-5.8,3-9.6,6.7  l-14.5-8.6c-0.9-4.9-3.9-9.9-3.9-9.9c2.5-2.6,5.4-12,5.4-12c-1.8,3.6-7.6,8.9-7.6,8.9c-3.4-4.3-7.8-7.5-7.8-7.5  C44.4,12.2,44,19,43.2,21.7l-16.4,9.7c-3.8-4-10.3-7.4-10.3-7.4c0.5-3.6-2.6-12.9-2.6-12.9c0.7,4-1,11.7-1,11.7  c-5.3-1.4-10.7-1.5-10.7-1.5C16.4,25.4,20,32.6,20.8,35.1L17.5,37V41L17.5,41z M32.9,13c0,0-9,0-9.3-7.3C27.4,4.8,33.1,8.8,32.9,13  L32.9,13z M56.5,13c0,0,9,0,9.3-7.3C62,4.8,56.3,8.8,56.5,13L56.5,13z M56.5,23.3c0,0,9,0,9.3-7.3C62,15.1,56.3,19,56.5,23.3  L56.5,23.3z M34.5,23.3c0,0-9,0-9.3-7.3C28.9,15.1,34.7,19,34.5,23.3L34.5,23.3z M50,20.6c0,0,2.4-5.1,6.6-3.3  C56.1,19.7,52.3,21.8,50,20.6L50,20.6z M43,20.6c0,0-2.4-5.1-6.6-3.3C36.9,19.7,40.7,21.8,43,20.6L43,20.6z M46.2,0.1  c0,0-5.5,1-4.9,5.5C43.8,5.8,46.8,2.7,46.2,0.1L46.2,0.1z M42.3,13.4c0,0-4.1-3.9-7.4-0.7C36.3,14.7,40.6,15.4,42.3,13.4L42.3,13.4  z M39,7.6c0,0-4.1-3.9-7.4-0.7C33,9,37.3,9.6,39,7.6L39,7.6z M47.9,14.2c0,0,2.5-5.1,6.6-3.3C54,13.3,50.2,15.4,47.9,14.2  L47.9,14.2z M49,7.6c0,0,2.5-5.1,6.6-3.3C55.1,6.7,51.3,8.9,49,7.6L49,7.6z M73.4,23.5c0,0-3.4-4.5-7.2-1.9  C67.2,23.9,71.3,25.2,73.4,23.5L73.4,23.5z M90.4,28.1c0,0-5.6-0.8-5.2-5.3C87.6,22.6,90.8,25.5,90.4,28.1L90.4,28.1z M90.4,15.5  c0,0-5.6,0.8-5.2,5.3C87.6,21.1,90.8,18.2,90.4,15.5L90.4,15.5z M74,17.2c0,0-0.2-5.6-4.8-5.7C68.7,14,71.3,17.5,74,17.2L74,17.2z   M77.7,17.2c0,0,0.2-5.6,4.8-5.7C82.9,14,80.3,17.5,77.7,17.2L77.7,17.2z M78.5,26.9c0,0,5.4-1.5,6.8,2.8  C83.2,30.9,79.1,29.5,78.5,26.9L78.5,26.9z M17.1,23.5c0,0,3.4-4.5,7.2-1.9C23.3,23.9,19.2,25.2,17.1,23.5L17.1,23.5z M0.1,28.1  c0,0,5.6-0.8,5.2-5.3C2.9,22.6-0.3,25.5,0.1,28.1L0.1,28.1z M0.1,15.5c0,0,5.6,0.8,5.2,5.3C2.9,21.1-0.3,18.2,0.1,15.5L0.1,15.5z   M16.5,17.2c0,0,0.2-5.6,4.8-5.7C21.8,14,19.2,17.5,16.5,17.2L16.5,17.2z M12.8,17.2c0,0-0.2-5.6-4.8-5.7  C7.6,14,10.2,17.5,12.8,17.2L12.8,17.2z M12,26.9c0,0-5.4-1.5-6.8,2.8C7.3,30.9,11.4,29.5,12,26.9L12,26.9z M26,59.3V36l20.3-12  l20.3,12v23.4H26L26,59.3z M40.2,47.3H45v4.8h-4.8V47.3L40.2,47.3z M47.5,47.3h4.8v4.8h-4.8V47.3L47.5,47.3z M40.2,40H45v4.8h-4.8  V40L40.2,40z M47.5,40h4.8v4.8h-4.8V40L47.5,40z\"><\/path><\/g><\/svg><\/span><\/div><div class=\"service-one__content-inner\"><h4 class=\"service-one__title\"><span>TreeHouse BEBEK<\/span><\/h4><div class=\"service-one__desc\">Kiv\u00e1laszt\u00e1s<\/div><\/div>\t\t  <a href=\"https:\/\/www.treehousekrasnahorka.sk\/hu\/treehouse-bebek\/\" class=\"service-one__link-overlay\"><\/a>\r\n\t\t  <\/div><\/div>\t\r\n\r\n\r\n\r\n<\/div><div class=\"item-columns\">\r\n<div class=\"service-one__single\"><div class=\"service-one__content\"><div class=\"service-one__image\"><img decoding=\"async\" src=\"https:\/\/www.treehousekrasnahorka.sk\/wp-content\/uploads\/2024\/08\/Treehouse-krasna-horka-andrassy-24.jpg\" alt=\"TreeHouse ANDR\u00c1SSY\"\/><span class=\"service-one__icon\"><svg xmlns=\"http:\/\/www.w3.org\/2000\/svg\" xmlns:xlink=\"http:\/\/www.w3.org\/1999\/xlink\" id=\"Layer_1\" x=\"0px\" y=\"0px\" viewbox=\"0 0 90.7 75\" style=\"enable-background:new 0 0 90.7 75;\" xml:space=\"preserve\"><style type=\"text\/css\">\t.st0{fill-rule:evenodd;clip-rule:evenodd;fill:#F3F8F6;}<\/style><g>\t<path class=\"st0\" d=\"M17.5,41l4.8-2.9v21.2h-1.8v3.5h2.1v12.3H30V62.8h12.6v12.3h7.3V62.8h12.6v12.3h7.3V62.8h2.1v-3.5h-1.8V38.1  L75,41v-4l-4.9-2.9c1.3-3,5.5-9.1,18.2-12.8c0,0-5.4,0-10.7,1.5c0,0-1.6-7.6-1-11.7c0,0-3.1,9.4-2.6,12.9c0,0-5.8,3-9.6,6.7  l-14.5-8.6c-0.9-4.9-3.9-9.9-3.9-9.9c2.5-2.6,5.4-12,5.4-12c-1.8,3.6-7.6,8.9-7.6,8.9c-3.4-4.3-7.8-7.5-7.8-7.5  C44.4,12.2,44,19,43.2,21.7l-16.4,9.7c-3.8-4-10.3-7.4-10.3-7.4c0.5-3.6-2.6-12.9-2.6-12.9c0.7,4-1,11.7-1,11.7  c-5.3-1.4-10.7-1.5-10.7-1.5C16.4,25.4,20,32.6,20.8,35.1L17.5,37V41L17.5,41z M32.9,13c0,0-9,0-9.3-7.3C27.4,4.8,33.1,8.8,32.9,13  L32.9,13z M56.5,13c0,0,9,0,9.3-7.3C62,4.8,56.3,8.8,56.5,13L56.5,13z M56.5,23.3c0,0,9,0,9.3-7.3C62,15.1,56.3,19,56.5,23.3  L56.5,23.3z M34.5,23.3c0,0-9,0-9.3-7.3C28.9,15.1,34.7,19,34.5,23.3L34.5,23.3z M50,20.6c0,0,2.4-5.1,6.6-3.3  C56.1,19.7,52.3,21.8,50,20.6L50,20.6z M43,20.6c0,0-2.4-5.1-6.6-3.3C36.9,19.7,40.7,21.8,43,20.6L43,20.6z M46.2,0.1  c0,0-5.5,1-4.9,5.5C43.8,5.8,46.8,2.7,46.2,0.1L46.2,0.1z M42.3,13.4c0,0-4.1-3.9-7.4-0.7C36.3,14.7,40.6,15.4,42.3,13.4L42.3,13.4  z M39,7.6c0,0-4.1-3.9-7.4-0.7C33,9,37.3,9.6,39,7.6L39,7.6z M47.9,14.2c0,0,2.5-5.1,6.6-3.3C54,13.3,50.2,15.4,47.9,14.2  L47.9,14.2z M49,7.6c0,0,2.5-5.1,6.6-3.3C55.1,6.7,51.3,8.9,49,7.6L49,7.6z M73.4,23.5c0,0-3.4-4.5-7.2-1.9  C67.2,23.9,71.3,25.2,73.4,23.5L73.4,23.5z M90.4,28.1c0,0-5.6-0.8-5.2-5.3C87.6,22.6,90.8,25.5,90.4,28.1L90.4,28.1z M90.4,15.5  c0,0-5.6,0.8-5.2,5.3C87.6,21.1,90.8,18.2,90.4,15.5L90.4,15.5z M74,17.2c0,0-0.2-5.6-4.8-5.7C68.7,14,71.3,17.5,74,17.2L74,17.2z   M77.7,17.2c0,0,0.2-5.6,4.8-5.7C82.9,14,80.3,17.5,77.7,17.2L77.7,17.2z M78.5,26.9c0,0,5.4-1.5,6.8,2.8  C83.2,30.9,79.1,29.5,78.5,26.9L78.5,26.9z M17.1,23.5c0,0,3.4-4.5,7.2-1.9C23.3,23.9,19.2,25.2,17.1,23.5L17.1,23.5z M0.1,28.1  c0,0,5.6-0.8,5.2-5.3C2.9,22.6-0.3,25.5,0.1,28.1L0.1,28.1z M0.1,15.5c0,0,5.6,0.8,5.2,5.3C2.9,21.1-0.3,18.2,0.1,15.5L0.1,15.5z   M16.5,17.2c0,0,0.2-5.6,4.8-5.7C21.8,14,19.2,17.5,16.5,17.2L16.5,17.2z M12.8,17.2c0,0-0.2-5.6-4.8-5.7  C7.6,14,10.2,17.5,12.8,17.2L12.8,17.2z M12,26.9c0,0-5.4-1.5-6.8,2.8C7.3,30.9,11.4,29.5,12,26.9L12,26.9z M26,59.3V36l20.3-12  l20.3,12v23.4H26L26,59.3z M40.2,47.3H45v4.8h-4.8V47.3L40.2,47.3z M47.5,47.3h4.8v4.8h-4.8V47.3L47.5,47.3z M40.2,40H45v4.8h-4.8  V40L40.2,40z M47.5,40h4.8v4.8h-4.8V40L47.5,40z\"><\/path><\/g><\/svg><\/span><\/div><div class=\"service-one__content-inner\"><h4 class=\"service-one__title\"><span>TreeHouse ANDR\u00c1SSY<\/span><\/h4><div class=\"service-one__desc\">Kiv\u00e1laszt\u00e1s<\/div><\/div>\t\t  <a href=\"https:\/\/www.treehousekrasnahorka.sk\/hu\/treehouse-andrassy\/\" class=\"service-one__link-overlay\"><\/a>\r\n\t\t  <\/div><\/div>\t\r\n\r\n\r\n\r\n<\/div>   <\/div>\r\n<\/div>\r\n<\/div>\t\t\t\t<\/div>\n\t\t\t\t<\/div>\n\t\t\t\t\t<\/div>\n\t\t<\/div>\n\t\t\t\t\t<\/div>\n\t\t<\/section>\n\t\t\t\t<\/div>","protected":false},"excerpt":{"rendered":"<p>\u00c9jszaka a fah\u00e1zban FaH\u00e1z BEBEK Select FaH\u00e1z ANDR\u00c1SSY Select<\/p>","protected":false},"author":1,"featured_media":0,"parent":0,"menu_order":0,"comment_status":"closed","ping_status":"closed","template":"","meta":{"footnotes":""},"class_list":["post-37","page","type-page","status-publish","hentry"],"_links":{"self":[{"href":"https:\/\/www.treehousekrasnahorka.sk\/hu\/wp-json\/wp\/v2\/pages\/37","targetHints":{"allow":["GET"]}}],"collection":[{"href":"https:\/\/www.treehousekrasnahorka.sk\/hu\/wp-json\/wp\/v2\/pages"}],"about":[{"href":"https:\/\/www.treehousekrasnahorka.sk\/hu\/wp-json\/wp\/v2\/types\/page"}],"author":[{"embeddable":true,"href":"https:\/\/www.treehousekrasnahorka.sk\/hu\/wp-json\/wp\/v2\/users\/1"}],"replies":[{"embeddable":true,"href":"https:\/\/www.treehousekrasnahorka.sk\/hu\/wp-json\/wp\/v2\/comments?post=37"}],"version-history":[{"count":49,"href":"https:\/\/www.treehousekrasnahorka.sk\/hu\/wp-json\/wp\/v2\/pages\/37\/revisions"}],"predecessor-version":[{"id":5188,"href":"https:\/\/www.treehousekrasnahorka.sk\/hu\/wp-json\/wp\/v2\/pages\/37\/revisions\/5188"}],"wp:attachment":[{"href":"https:\/\/www.treehousekrasnahorka.sk\/hu\/wp-json\/wp\/v2\/media?parent=37"}],"curies":[{"name":"wp","href":"https:\/\/api.w.org\/{rel}","templated":true}]}}