{"id":395,"date":"2022-12-14T04:16:57","date_gmt":"2022-12-14T04:16:57","guid":{"rendered":"https:\/\/gaviaspreview.com\/wp\/gowilds\/?page_id=2"},"modified":"2025-05-21T10:51:31","modified_gmt":"2025-05-21T08:51:31","slug":"recenzie","status":"publish","type":"page","link":"https:\/\/www.treehousekrasnahorka.sk\/hu\/recenzie\/","title":{"rendered":"Hivatkoz\u00e1sok"},"content":{"rendered":"<div data-elementor-type=\"wp-page\" data-elementor-id=\"395\" class=\"elementor elementor-395\" data-elementor-post-type=\"page\">\n\t\t\t\t\t\t<section class=\"elementor-section elementor-top-section elementor-element elementor-element-9274a52 elementor-section-boxed elementor-section-height-default elementor-section-height-default\" data-id=\"9274a52\" data-element_type=\"section\" data-settings=\"{&quot;background_background&quot;:&quot;classic&quot;}\">\n\t\t\t\t\t\t\t<div class=\"elementor-background-overlay\"><\/div>\n\t\t\t\t\t\t\t<div class=\"elementor-container elementor-column-gap-default\">\n\t\t\t\t\t<div class=\"elementor-column elementor-col-100 elementor-top-column elementor-element elementor-element-1c13abd\" data-id=\"1c13abd\" data-element_type=\"column\">\n\t\t\t<div class=\"elementor-widget-wrap elementor-element-populated\">\n\t\t\t\t\t\t<div class=\"elementor-element elementor-element-bbf3f66 elementor-invisible elementor-widget elementor-widget-gva-heading-block\" data-id=\"bbf3f66\" data-element_type=\"widget\" data-settings=\"{&quot;_animation&quot;:&quot;fadeInUp&quot;}\" data-widget_type=\"gva-heading-block.default\">\n\t\t\t\t<div class=\"elementor-widget-container\">\n\t\t\t\t\t<div class=\"gva-element-gva-heading-block gva-element\">   <div class=\"align-center style-1 widget gsc-heading box-align-left auto-responsive\">\r\n      <div class=\"content-inner\">\r\n         \r\n                  \r\n         <div class=\"sub-title\"><span class=\"tagline\">Hivatkoz\u00e1sok<\/span><\/div>  \r\n         \r\n                     <h2 class=\"title\">\r\n               <span>Az \u00d6n el\u00e9gedetts\u00e9ge a legfontosabb sz\u00e1munkra, \u00e9s szeretn\u00e9nk tudni, hogy mennyire volt el\u00e9gedett a tart\u00f3zkod\u00e1s\u00e1val. <\/span>\r\n            <\/h2>\r\n                  \r\n         \r\n         \r\n      <\/div>\r\n   <\/div>\r\n<\/div>\t\t\t\t<\/div>\n\t\t\t\t<\/div>\n\t\t\t\t<div class=\"elementor-element elementor-element-5aac97f animated-slow elementor-invisible elementor-widget elementor-widget-image\" data-id=\"5aac97f\" data-element_type=\"widget\" data-settings=\"{&quot;_animation&quot;:&quot;fadeInUp&quot;}\" data-widget_type=\"image.default\">\n\t\t\t\t<div class=\"elementor-widget-container\">\n\t\t\t\t\t\t\t\t\t\t\t\t\t\t\t\t<a href=\"https:\/\/www.google.com\/maps\/place\/Tree+House+Kr%C3%A1sna+H%C3%B4rka\/@48.6600625,20.5845625,17z\/data=!4m8!3m7!1s0x473faf06a457982f:0xffd91264a413471c!8m2!3d48.6600625!4d20.5845625!9m1!1b1!16s%2Fg%2F11y55v2p7v?entry=ttu\" target=\"_blank\">\n\t\t\t\t\t\t\t<img fetchpriority=\"high\" decoding=\"async\" width=\"900\" height=\"169\" src=\"https:\/\/www.treehousekrasnahorka.sk\/wp-content\/uploads\/2024\/06\/google-tree-house-krasna-horka-recenzie-1024x192.webp\" class=\"attachment-large size-large wp-image-821\" alt=\"\" srcset=\"https:\/\/www.treehousekrasnahorka.sk\/wp-content\/uploads\/2024\/06\/google-tree-house-krasna-horka-recenzie-1024x192.webp 1024w, https:\/\/www.treehousekrasnahorka.sk\/wp-content\/uploads\/2024\/06\/google-tree-house-krasna-horka-recenzie-768x144.webp 768w, https:\/\/www.treehousekrasnahorka.sk\/wp-content\/uploads\/2024\/06\/google-tree-house-krasna-horka-recenzie-600x113.webp 600w, https:\/\/www.treehousekrasnahorka.sk\/wp-content\/uploads\/2024\/06\/google-tree-house-krasna-horka-recenzie.webp 1150w\" sizes=\"(max-width: 900px) 100vw, 900px\" \/>\t\t\t\t\t\t\t\t<\/a>\n\t\t\t\t\t\t\t\t\t\t\t\t\t\t\t<\/div>\n\t\t\t\t<\/div>\n\t\t\t\t<section class=\"elementor-section elementor-inner-section elementor-element elementor-element-2fcef1c elementor-section-full_width elementor-section-height-default elementor-section-height-default\" data-id=\"2fcef1c\" data-element_type=\"section\">\n\t\t\t\t\t\t<div class=\"elementor-container elementor-column-gap-default\">\n\t\t\t\t\t<div class=\"elementor-column elementor-col-100 elementor-inner-column elementor-element elementor-element-d13588e\" data-id=\"d13588e\" data-element_type=\"column\">\n\t\t\t<div class=\"elementor-widget-wrap elementor-element-populated\">\n\t\t\t\t\t\t<div class=\"elementor-element elementor-element-03866fc elementor-invisible elementor-widget elementor-widget-heading\" data-id=\"03866fc\" data-element_type=\"widget\" data-settings=\"{&quot;_animation&quot;:&quot;fadeInUp&quot;}\" data-widget_type=\"heading.default\">\n\t\t\t\t<div class=\"elementor-widget-container\">\n\t\t\t\t\t<h2 class=\"elementor-heading-title elementor-size-default\"><a href=\"https:\/\/www.google.com\/maps\/place\/Tree+House+Kr%C3%A1sna+H%C3%B4rka\/@48.6600625,20.5845625,17z\/data=!4m8!3m7!1s0x473faf06a457982f:0xffd91264a413471c!8m2!3d48.6600625!4d20.5845625!9m1!1b1!16s%2Fg%2F11y55v2p7v?entry=ttu\" target=\"_blank\">A Google \u00e1ltal ellen\u0151rz\u00f6tt v\u00e9lem\u00e9nyek<\/a><\/h2>\t\t\t\t<\/div>\n\t\t\t\t<\/div>\n\t\t\t\t<div class=\"elementor-element elementor-element-bc1ccd0 elementor-align-center elementor-tablet-align-center elementor-invisible elementor-widget elementor-widget-button\" data-id=\"bc1ccd0\" data-element_type=\"widget\" data-settings=\"{&quot;_animation&quot;:&quot;fadeInUp&quot;}\" data-widget_type=\"button.default\">\n\t\t\t\t<div class=\"elementor-widget-container\">\n\t\t\t\t\t\t\t\t\t<div class=\"elementor-button-wrapper\">\n\t\t\t\t\t<a class=\"elementor-button elementor-button-link elementor-size-sm\" href=\"https:\/\/g.page\/r\/CRxHE6RkEtn_EAI\/review\" target=\"_blank\">\n\t\t\t\t\t\t<span class=\"elementor-button-content-wrapper\">\n\t\t\t\t\t\t\t\t\t<span class=\"elementor-button-text\">\u00cdrjon egy v\u00e9lem\u00e9nyt<\/span>\n\t\t\t\t\t<\/span>\n\t\t\t\t\t<\/a>\n\t\t\t\t<\/div>\n\t\t\t\t\t\t\t\t<\/div>\n\t\t\t\t<\/div>\n\t\t\t\t<div class=\"elementor-element elementor-element-1f52d48 elementor-widget__width-initial animated-slow elementor-invisible elementor-widget elementor-widget-gva-testimonials\" data-id=\"1f52d48\" data-element_type=\"widget\" data-settings=\"{&quot;_animation&quot;:&quot;slideInUp&quot;}\" data-widget_type=\"gva-testimonials.default\">\n\t\t\t\t<div class=\"elementor-widget-container\">\n\t\t\t\t\t<div class=\"gva-element-gva-testimonials gva-element\">\r\n<div class=\"gsc-testimonial layout-grid style-2\">\r\n\t<div class=\"lg-block-grid-1 md-block-grid-1 sm-block-grid-1 xs-block-grid-1 xx-block-grid-1\">\r\n\t\t\t\t\t\r\n\t\t\t<div class=\"item-columns\">\r\n\t\t\t\t<div class=\"testimonial-item style-2 elementor-repeater-item-e77362f\">\r\n   \r\n     \r\n\r\n         <div class=\"testimonial-two__single\">\r\n         <div class=\"testimonial-two__wrap\">\r\n            \r\n            <div class=\"testimonial-two__top\">\r\n               <div class=\"testimonial-two__top-left\">\r\n                  <i class=\"gwflaticon-quote\"><\/i>   \r\n               <\/div>\r\n               <div class=\"testimonial-two__top-right\">\r\n                  <h3 class=\"testimonial-two__title\">Google<\/h3>                  <div class=\"testimonial-two__stars\">\r\n                     <i class=\"fa fa-star\"><\/i>\r\n                     <i class=\"fa fa-star\"><\/i>\r\n                     <i class=\"fa fa-star\"><\/i>\r\n                     <i class=\"fa fa-star\"><\/i>\r\n                     <i class=\"fa fa-star\"><\/i>\r\n                  <\/div>\r\n               <\/div>   \r\n            <\/div>\r\n\r\n            <div class=\"testimonial-two__quote\">\r\n               \"A feles\u00e9gem \u00e9s \u00e9n fantasztikusan \u00e9rezt\u00fck magunkat. Nagyszer\u0171 helyen, nagy el\u0151nye a l\u00e1tnival\u00f3k a k\u00f6rny\u00e9ken. Aj\u00e1nlom a nagyobb v\u00e1ros ny\u00fczsg\u00e9se el\u0151l val\u00f3 menek\u00fcl\u00e9shez. Legk\u00f6zelebb is el fogunk j\u00f6nni.\"            <\/div>\r\n\r\n            <div class=\"testimonial-two__meta\">\r\n               <div class=\"testimonial-two__meta-content\">\r\n                  <div class=\"testimonial-two__image\"><img decoding=\"async\" width=\"800\" height=\"800\" src=\"https:\/\/www.treehousekrasnahorka.sk\/wp-content\/uploads\/2024\/07\/1705252361152.jpeg\" alt=\"Lukas Lacko\" \/><\/div>                  <div class=\"testimonial-two__meta-inner\">\r\n                     <h4 class=\"testimonial-two__name\">Lukas Lacko<\/h4>\r\n                     <div class=\"testimonial-two__job\">Google v\u00e9lem\u00e9nyek<\/div>\r\n                  <\/div>\r\n               <\/div>   \r\n            <\/div>\r\n         <\/div>\r\n      <\/div>\r\n     \r\n\r\n    \r\n\r\n    \r\n\r\n<\/div>\r\n\r\n\t\t\t<\/div>\r\n\r\n\t\t\t\t\t\r\n\t\t\t<div class=\"item-columns\">\r\n\t\t\t\t<div class=\"testimonial-item style-2 elementor-repeater-item-d1ac242\">\r\n   \r\n     \r\n\r\n         <div class=\"testimonial-two__single\">\r\n         <div class=\"testimonial-two__wrap\">\r\n            \r\n            <div class=\"testimonial-two__top\">\r\n               <div class=\"testimonial-two__top-left\">\r\n                  <i class=\"gwflaticon-quote\"><\/i>   \r\n               <\/div>\r\n               <div class=\"testimonial-two__top-right\">\r\n                  <h3 class=\"testimonial-two__title\">Google<\/h3>                  <div class=\"testimonial-two__stars\">\r\n                     <i class=\"fa fa-star\"><\/i>\r\n                     <i class=\"fa fa-star\"><\/i>\r\n                     <i class=\"fa fa-star\"><\/i>\r\n                     <i class=\"fa fa-star\"><\/i>\r\n                     <i class=\"fa fa-star\"><\/i>\r\n                  <\/div>\r\n               <\/div>   \r\n            <\/div>\r\n\r\n            <div class=\"testimonial-two__quote\">\r\n               \"T\u00f6k\u00e9letes hely a term\u00e9szet szerelmeseinek \u00e9s a pihen\u00e9snek. Nagyon \u00e9lvezt\u00fck a h\u00e9tv\u00e9g\u00e9t, \u00e9s biztosan visszaj\u00f6v\u00fcnk m\u00e9g egyszer.\"            <\/div>\r\n\r\n            <div class=\"testimonial-two__meta\">\r\n               <div class=\"testimonial-two__meta-content\">\r\n                  <div class=\"testimonial-two__image\"><img decoding=\"async\" width=\"1000\" height=\"1009\" src=\"https:\/\/www.treehousekrasnahorka.sk\/wp-content\/uploads\/2024\/07\/Google-Photos.jpg\" alt=\"Persefoni Giannusis\" \/><\/div>                  <div class=\"testimonial-two__meta-inner\">\r\n                     <h4 class=\"testimonial-two__name\">Persefoni Giannusis<\/h4>\r\n                     <div class=\"testimonial-two__job\">Google v\u00e9lem\u00e9nyek<\/div>\r\n                  <\/div>\r\n               <\/div>   \r\n            <\/div>\r\n         <\/div>\r\n      <\/div>\r\n     \r\n\r\n    \r\n\r\n    \r\n\r\n<\/div>\r\n\r\n\t\t\t<\/div>\r\n\r\n\t\t\t\t\t\r\n\t\t\t<div class=\"item-columns\">\r\n\t\t\t\t<div class=\"testimonial-item style-2 elementor-repeater-item-b599ae1\">\r\n   \r\n     \r\n\r\n         <div class=\"testimonial-two__single\">\r\n         <div class=\"testimonial-two__wrap\">\r\n            \r\n            <div class=\"testimonial-two__top\">\r\n               <div class=\"testimonial-two__top-left\">\r\n                  <i class=\"gwflaticon-quote\"><\/i>   \r\n               <\/div>\r\n               <div class=\"testimonial-two__top-right\">\r\n                  <h3 class=\"testimonial-two__title\">Google<\/h3>                  <div class=\"testimonial-two__stars\">\r\n                     <i class=\"fa fa-star\"><\/i>\r\n                     <i class=\"fa fa-star\"><\/i>\r\n                     <i class=\"fa fa-star\"><\/i>\r\n                     <i class=\"fa fa-star\"><\/i>\r\n                     <i class=\"fa fa-star\"><\/i>\r\n                  <\/div>\r\n               <\/div>   \r\n            <\/div>\r\n\r\n            <div class=\"testimonial-two__quote\">\r\n               \"Tiszta apartmanok, remek reggeli. Az ember megtapasztalja a term\u00e9szet egy darabj\u00e1t, csak egy r\u00f6vid s\u00e9t\u00e1ra a v\u00e1rost\u00f3l. Nyugodtan \u00e9lvezhet egy poh\u00e1r bort \u00e9s romantikusan t\u00f6ltheti el az idej\u00e9t.\"            <\/div>\r\n\r\n            <div class=\"testimonial-two__meta\">\r\n               <div class=\"testimonial-two__meta-content\">\r\n                  <div class=\"testimonial-two__image\"><img loading=\"lazy\" decoding=\"async\" width=\"1000\" height=\"1009\" src=\"https:\/\/www.treehousekrasnahorka.sk\/wp-content\/uploads\/2024\/07\/Google-Photos-c.jpg\" alt=\"Maro\u0161 Jamrich\" \/><\/div>                  <div class=\"testimonial-two__meta-inner\">\r\n                     <h4 class=\"testimonial-two__name\">Maro\u0161 Jamrich<\/h4>\r\n                     <div class=\"testimonial-two__job\">Google v\u00e9lem\u00e9nyek<\/div>\r\n                  <\/div>\r\n               <\/div>   \r\n            <\/div>\r\n         <\/div>\r\n      <\/div>\r\n     \r\n\r\n    \r\n\r\n    \r\n\r\n<\/div>\r\n\r\n\t\t\t<\/div>\r\n\r\n\t\t\t\t\t\r\n\t\t\t<div class=\"item-columns\">\r\n\t\t\t\t<div class=\"testimonial-item style-2 elementor-repeater-item-dfdd2d2\">\r\n   \r\n     \r\n\r\n         <div class=\"testimonial-two__single\">\r\n         <div class=\"testimonial-two__wrap\">\r\n            \r\n            <div class=\"testimonial-two__top\">\r\n               <div class=\"testimonial-two__top-left\">\r\n                  <i class=\"gwflaticon-quote\"><\/i>   \r\n               <\/div>\r\n               <div class=\"testimonial-two__top-right\">\r\n                  <h3 class=\"testimonial-two__title\">Google<\/h3>                  <div class=\"testimonial-two__stars\">\r\n                     <i class=\"fa fa-star\"><\/i>\r\n                     <i class=\"fa fa-star\"><\/i>\r\n                     <i class=\"fa fa-star\"><\/i>\r\n                     <i class=\"fa fa-star\"><\/i>\r\n                     <i class=\"fa fa-star\"><\/i>\r\n                  <\/div>\r\n               <\/div>   \r\n            <\/div>\r\n\r\n            <div class=\"testimonial-two__quote\">\r\n               \"Sz\u00e9p hely, ahol \u00e9jszaka sok csillagot lehet l\u00e1tni. A k\u00f6zelben van egy kast\u00e9ly is gy\u00f6ny\u00f6r\u0171 gorka. Ide\u00e1lis egy csendes pihen\u00e9shez. Stromodom hangulatos \u00e9s tiszta. Lehet\u0151s\u00e9g\u00fcnk volt aut\u00f3t b\u00e9relni, amit ki is haszn\u00e1ltunk.\"            <\/div>\r\n\r\n            <div class=\"testimonial-two__meta\">\r\n               <div class=\"testimonial-two__meta-content\">\r\n                  <div class=\"testimonial-two__image\"><img loading=\"lazy\" decoding=\"async\" width=\"1000\" height=\"1009\" src=\"https:\/\/www.treehousekrasnahorka.sk\/wp-content\/uploads\/2024\/07\/Google-Photos-a.jpg\" alt=\"David Wilman\" \/><\/div>                  <div class=\"testimonial-two__meta-inner\">\r\n                     <h4 class=\"testimonial-two__name\">David Wilman<\/h4>\r\n                     <div class=\"testimonial-two__job\">Google v\u00e9lem\u00e9nyek<\/div>\r\n                  <\/div>\r\n               <\/div>   \r\n            <\/div>\r\n         <\/div>\r\n      <\/div>\r\n     \r\n\r\n    \r\n\r\n    \r\n\r\n<\/div>\r\n\r\n\t\t\t<\/div>\r\n\r\n\t\t\t\t\t\r\n\t\t\t<div class=\"item-columns\">\r\n\t\t\t\t<div class=\"testimonial-item style-2 elementor-repeater-item-12d5df0\">\r\n   \r\n     \r\n\r\n         <div class=\"testimonial-two__single\">\r\n         <div class=\"testimonial-two__wrap\">\r\n            \r\n            <div class=\"testimonial-two__top\">\r\n               <div class=\"testimonial-two__top-left\">\r\n                  <i class=\"gwflaticon-quote\"><\/i>   \r\n               <\/div>\r\n               <div class=\"testimonial-two__top-right\">\r\n                  <h3 class=\"testimonial-two__title\">Google<\/h3>                  <div class=\"testimonial-two__stars\">\r\n                     <i class=\"fa fa-star\"><\/i>\r\n                     <i class=\"fa fa-star\"><\/i>\r\n                     <i class=\"fa fa-star\"><\/i>\r\n                     <i class=\"fa fa-star\"><\/i>\r\n                     <i class=\"fa fa-star\"><\/i>\r\n                  <\/div>\r\n               <\/div>   \r\n            <\/div>\r\n\r\n            <div class=\"testimonial-two__quote\">\r\n               \"Gy\u00f6ny\u00f6r\u0171 \u00e9s hiteles hely. A bar\u00e1tom \u00e9s \u00e9n \u00e9lvezt\u00fck a gy\u00f6ny\u00f6r\u0171 vid\u00e9ken val\u00f3 tart\u00f3zkod\u00e1sunkat. Szuper pszichohigi\u00e9nia, ha a term\u00e9szet \u00f6l\u00e9ben szeretne maradni. Vel\u00fcnk volt a kuty\u00e1nk \u00e9s rendk\u00edv\u00fcl boldog volt, ahogy mi is. K\u00f6sz\u00f6nj\u00fck, biztosan visszat\u00e9r\u00fcnk m\u00e9g.\"            <\/div>\r\n\r\n            <div class=\"testimonial-two__meta\">\r\n               <div class=\"testimonial-two__meta-content\">\r\n                  <div class=\"testimonial-two__image\"><img loading=\"lazy\" decoding=\"async\" width=\"946\" height=\"946\" src=\"https:\/\/www.treehousekrasnahorka.sk\/wp-content\/uploads\/2024\/07\/450839495_476088008401092_4778734393893704908_n.jpg\" alt=\"Barbora Per\u017ee\u013eov\u00e1\" \/><\/div>                  <div class=\"testimonial-two__meta-inner\">\r\n                     <h4 class=\"testimonial-two__name\">Barbora Per\u017ee\u013eov\u00e1<\/h4>\r\n                     <div class=\"testimonial-two__job\">Google v\u00e9lem\u00e9nyek<\/div>\r\n                  <\/div>\r\n               <\/div>   \r\n            <\/div>\r\n         <\/div>\r\n      <\/div>\r\n     \r\n\r\n    \r\n\r\n    \r\n\r\n<\/div>\r\n\r\n\t\t\t<\/div>\r\n\r\n\t\t\t\t\t\r\n\t\t\t<div class=\"item-columns\">\r\n\t\t\t\t<div class=\"testimonial-item style-2 elementor-repeater-item-5c4d58d\">\r\n   \r\n     \r\n\r\n         <div class=\"testimonial-two__single\">\r\n         <div class=\"testimonial-two__wrap\">\r\n            \r\n            <div class=\"testimonial-two__top\">\r\n               <div class=\"testimonial-two__top-left\">\r\n                  <i class=\"gwflaticon-quote\"><\/i>   \r\n               <\/div>\r\n               <div class=\"testimonial-two__top-right\">\r\n                  <h3 class=\"testimonial-two__title\">Google<\/h3>                  <div class=\"testimonial-two__stars\">\r\n                     <i class=\"fa fa-star\"><\/i>\r\n                     <i class=\"fa fa-star\"><\/i>\r\n                     <i class=\"fa fa-star\"><\/i>\r\n                     <i class=\"fa fa-star\"><\/i>\r\n                     <i class=\"fa fa-star\"><\/i>\r\n                  <\/div>\r\n               <\/div>   \r\n            <\/div>\r\n\r\n            <div class=\"testimonial-two__quote\">\r\n               \"Mindenk\u00e9ppen aj\u00e1nlom, mint az \u00e9lm\u00e9nyszer\u0171 tart\u00f3zkod\u00e1s nagyszer\u0171 form\u00e1j\u00e1t. A sz\u00e9p terasz \u00e9s a gyerty\u00e1s esti romantika igaz\u00e1n meg\u00e9rte. \ud83c\udf33\u2728\"            <\/div>\r\n\r\n            <div class=\"testimonial-two__meta\">\r\n               <div class=\"testimonial-two__meta-content\">\r\n                  <div class=\"testimonial-two__image\"><img loading=\"lazy\" decoding=\"async\" width=\"565\" height=\"565\" src=\"https:\/\/www.treehousekrasnahorka.sk\/wp-content\/uploads\/2024\/07\/449530664_1278877836418825_5964233587075662191_n.jpg\" alt=\"Jakub Mag\u00e1\u010d\" \/><\/div>                  <div class=\"testimonial-two__meta-inner\">\r\n                     <h4 class=\"testimonial-two__name\">Jakub Magac<\/h4>\r\n                     <div class=\"testimonial-two__job\">Google v\u00e9lem\u00e9nyek<\/div>\r\n                  <\/div>\r\n               <\/div>   \r\n            <\/div>\r\n         <\/div>\r\n      <\/div>\r\n     \r\n\r\n    \r\n\r\n    \r\n\r\n<\/div>\r\n\r\n\t\t\t<\/div>\r\n\r\n\t\t\t\t\t\r\n\t\t\t<div class=\"item-columns\">\r\n\t\t\t\t<div class=\"testimonial-item style-2 elementor-repeater-item-b8139cd\">\r\n   \r\n     \r\n\r\n         <div class=\"testimonial-two__single\">\r\n         <div class=\"testimonial-two__wrap\">\r\n            \r\n            <div class=\"testimonial-two__top\">\r\n               <div class=\"testimonial-two__top-left\">\r\n                  <i class=\"gwflaticon-quote\"><\/i>   \r\n               <\/div>\r\n               <div class=\"testimonial-two__top-right\">\r\n                  <h3 class=\"testimonial-two__title\">Google<\/h3>                  <div class=\"testimonial-two__stars\">\r\n                     <i class=\"fa fa-star\"><\/i>\r\n                     <i class=\"fa fa-star\"><\/i>\r\n                     <i class=\"fa fa-star\"><\/i>\r\n                     <i class=\"fa fa-star\"><\/i>\r\n                     <i class=\"fa fa-star\"><\/i>\r\n                  <\/div>\r\n               <\/div>   \r\n            <\/div>\r\n\r\n            <div class=\"testimonial-two__quote\">\r\n               \"Gy\u00f6ny\u00f6r\u0171 hely, kedves tulajdonosok \u00e9s a legistenibb reggeli... Minden 100 pont, k\u00f6sz\u00f6nj\u00fck m\u00e9g egyszer \ud83d\udc4c\"            <\/div>\r\n\r\n            <div class=\"testimonial-two__meta\">\r\n               <div class=\"testimonial-two__meta-content\">\r\n                  <div class=\"testimonial-two__image\"><img loading=\"lazy\" decoding=\"async\" width=\"1231\" height=\"1231\" src=\"https:\/\/www.treehousekrasnahorka.sk\/wp-content\/uploads\/2024\/07\/att.lNpRpfDmEXnwSpl4vpFEVbVBBVVAnxcaI2TlH-zBszo.jpg\" alt=\"Dominik Kaminsk\u00fd\" \/><\/div>                  <div class=\"testimonial-two__meta-inner\">\r\n                     <h4 class=\"testimonial-two__name\">Dominik Kaminsky<\/h4>\r\n                     <div class=\"testimonial-two__job\">Google v\u00e9lem\u00e9nyek<\/div>\r\n                  <\/div>\r\n               <\/div>   \r\n            <\/div>\r\n         <\/div>\r\n      <\/div>\r\n     \r\n\r\n    \r\n\r\n    \r\n\r\n<\/div>\r\n\r\n\t\t\t<\/div>\r\n\r\n\t\t\t\t\t\r\n\t\t\t<div class=\"item-columns\">\r\n\t\t\t\t<div class=\"testimonial-item style-2 elementor-repeater-item-b6afd56\">\r\n   \r\n     \r\n\r\n         <div class=\"testimonial-two__single\">\r\n         <div class=\"testimonial-two__wrap\">\r\n            \r\n            <div class=\"testimonial-two__top\">\r\n               <div class=\"testimonial-two__top-left\">\r\n                  <i class=\"gwflaticon-quote\"><\/i>   \r\n               <\/div>\r\n               <div class=\"testimonial-two__top-right\">\r\n                  <h3 class=\"testimonial-two__title\">Google<\/h3>                  <div class=\"testimonial-two__stars\">\r\n                     <i class=\"fa fa-star\"><\/i>\r\n                     <i class=\"fa fa-star\"><\/i>\r\n                     <i class=\"fa fa-star\"><\/i>\r\n                     <i class=\"fa fa-star\"><\/i>\r\n                     <i class=\"fa fa-star\"><\/i>\r\n                  <\/div>\r\n               <\/div>   \r\n            <\/div>\r\n\r\n            <div class=\"testimonial-two__quote\">\r\n               \"A fah\u00e1z egy olyan kis \u00e1lom, ami val\u00f3ra v\u00e1lt. Egy \u00e9lm\u00e9ny volt! Nincs \u00e1ram, de rengeteg f\u00e9ny van, ami var\u00e1zslatos. Javasoln\u00e1m a b\u00e9relhet\u0151 aut\u00f3k haszn\u00e1lat\u00e1t a v\u00e1rosba \u00e9s a zuhanyz\u00f3khoz val\u00f3 k\u00f6nnyebb eljut\u00e1s \u00e9rdek\u00e9ben.\"            <\/div>\r\n\r\n            <div class=\"testimonial-two__meta\">\r\n               <div class=\"testimonial-two__meta-content\">\r\n                  <div class=\"testimonial-two__image\"><img loading=\"lazy\" decoding=\"async\" width=\"1682\" height=\"1682\" src=\"https:\/\/www.treehousekrasnahorka.sk\/wp-content\/uploads\/2024\/07\/439866893_10219861745694374_4195819583103293385_n.jpg\" alt=\"Anna Hovancova\" \/><\/div>                  <div class=\"testimonial-two__meta-inner\">\r\n                     <h4 class=\"testimonial-two__name\">Anna Hovantsova<\/h4>\r\n                     <div class=\"testimonial-two__job\">Google v\u00e9lem\u00e9nyek<\/div>\r\n                  <\/div>\r\n               <\/div>   \r\n            <\/div>\r\n         <\/div>\r\n      <\/div>\r\n     \r\n\r\n    \r\n\r\n    \r\n\r\n<\/div>\r\n\r\n\t\t\t<\/div>\r\n\r\n\t\t\t<\/div>   \r\n<\/div>\r\n<\/div>\t\t\t\t<\/div>\n\t\t\t\t<\/div>\n\t\t\t\t<div class=\"elementor-element elementor-element-48f66e8 elementor-align-center elementor-tablet-align-center animated-slow elementor-invisible elementor-widget elementor-widget-button\" data-id=\"48f66e8\" data-element_type=\"widget\" data-settings=\"{&quot;_animation&quot;:&quot;fadeInUp&quot;}\" data-widget_type=\"button.default\">\n\t\t\t\t<div class=\"elementor-widget-container\">\n\t\t\t\t\t\t\t\t\t<div class=\"elementor-button-wrapper\">\n\t\t\t\t\t<a class=\"elementor-button elementor-button-link elementor-size-sm\" href=\"https:\/\/g.page\/r\/CRxHE6RkEtn_EAI\/review\" target=\"_blank\">\n\t\t\t\t\t\t<span class=\"elementor-button-content-wrapper\">\n\t\t\t\t\t\t\t\t\t<span class=\"elementor-button-text\">\u00cdrjon egy v\u00e9lem\u00e9nyt<\/span>\n\t\t\t\t\t<\/span>\n\t\t\t\t\t<\/a>\n\t\t\t\t<\/div>\n\t\t\t\t\t\t\t\t<\/div>\n\t\t\t\t<\/div>\n\t\t\t\t\t<\/div>\n\t\t<\/div>\n\t\t\t\t\t<\/div>\n\t\t<\/section>\n\t\t\t\t\t<\/div>\n\t\t<\/div>\n\t\t\t\t\t<\/div>\n\t\t<\/section>\n\t\t\t\t<\/div>","protected":false},"excerpt":{"rendered":"<p>V\u00e9lem\u00e9nyek Az \u00d6n el\u00e9gedetts\u00e9ge a legfontosabb sz\u00e1munkra, \u00e9s szeretn\u00e9nk tudni, hogy mennyire volt el\u00e9gedett a tart\u00f3zkod\u00e1s\u00e1val. Google \u00e1ltal ellen\u0151rz\u00f6tt \u00e9rt\u00e9kel\u00e9sek \u00cdrjon \u00e9rt\u00e9kel\u00e9st a Google-ra \"My wife and I had a fantastic stay. Nagyszer\u0171 helyen, nagy el\u0151nye a k\u00f6rny\u00e9k l\u00e1tnival\u00f3i. Aj\u00e1nlom a nagyobb v\u00e1ros ny\u00fczsg\u00e9s\u00e9b\u0151l val\u00f3 menek\u00fcl\u00e9shez. Legk\u00f6zelebb is el fogunk j\u00f6nni.\" Lukas Lacko Google \u00e9rt\u00e9kel\u00e9sek Google \"T\u00f6k\u00e9letes [...]<\/p>","protected":false},"author":1,"featured_media":0,"parent":0,"menu_order":0,"comment_status":"closed","ping_status":"open","template":"elementor_header_footer","meta":{"footnotes":""},"class_list":["post-395","page","type-page","status-publish","hentry"],"_links":{"self":[{"href":"https:\/\/www.treehousekrasnahorka.sk\/hu\/wp-json\/wp\/v2\/pages\/395","targetHints":{"allow":["GET"]}}],"collection":[{"href":"https:\/\/www.treehousekrasnahorka.sk\/hu\/wp-json\/wp\/v2\/pages"}],"about":[{"href":"https:\/\/www.treehousekrasnahorka.sk\/hu\/wp-json\/wp\/v2\/types\/page"}],"author":[{"embeddable":true,"href":"https:\/\/www.treehousekrasnahorka.sk\/hu\/wp-json\/wp\/v2\/users\/1"}],"replies":[{"embeddable":true,"href":"https:\/\/www.treehousekrasnahorka.sk\/hu\/wp-json\/wp\/v2\/comments?post=395"}],"version-history":[{"count":43,"href":"https:\/\/www.treehousekrasnahorka.sk\/hu\/wp-json\/wp\/v2\/pages\/395\/revisions"}],"predecessor-version":[{"id":3998,"href":"https:\/\/www.treehousekrasnahorka.sk\/hu\/wp-json\/wp\/v2\/pages\/395\/revisions\/3998"}],"wp:attachment":[{"href":"https:\/\/www.treehousekrasnahorka.sk\/hu\/wp-json\/wp\/v2\/media?parent=395"}],"curies":[{"name":"wp","href":"https:\/\/api.w.org\/{rel}","templated":true}]}}