{"id":5218,"date":"2025-05-21T14:00:11","date_gmt":"2025-05-21T12:00:11","guid":{"rendered":"https:\/\/www.treehousekrasnahorka.sk\/?page_id=5218"},"modified":"2025-05-21T15:23:37","modified_gmt":"2025-05-21T13:23:37","slug":"darcekove-poukazy","status":"publish","type":"page","link":"https:\/\/www.treehousekrasnahorka.sk\/hu\/darcekove-poukazy\/","title":{"rendered":"Aj\u00e1nd\u00e9kutalv\u00e1nyok"},"content":{"rendered":"<div data-elementor-type=\"wp-page\" data-elementor-id=\"5218\" class=\"elementor elementor-5218\" data-elementor-post-type=\"page\">\n\t\t\t\t<div class=\"elementor-element elementor-element-4432f32 e-flex e-con-boxed e-con e-parent\" data-id=\"4432f32\" data-element_type=\"container\">\n\t\t\t\t\t<div class=\"e-con-inner\">\n\t\t\t\t<div class=\"elementor-element elementor-element-bdec8e4 elementor-widget elementor-widget-html\" data-id=\"bdec8e4\" data-element_type=\"widget\" data-widget_type=\"html.default\">\n\t\t\t\t<div class=\"elementor-widget-container\">\n\t\t\t\t\t<!-- Reservation PLUS start -->\r\n<script type=\"text\/javascript\" src=\"https:\/\/booking.previo.app\/iframe\/\"><\/script>\r\n<iframe src=\"https:\/\/booking.previo.app\/?hotId=785447&showTabs=coupon&couponType=stay\" scrolling=\"no\" frameborder=\"0\" width=\"100%\" height=\"2000\" name=\"previo-booking-iframe\" id=\"previo-booking-iframe\" allowtransparency=\"true\"><\/iframe>\r\n<!-- Reservation PLUS end -->\t\t\t\t<\/div>\n\t\t\t\t<\/div>\n\t\t\t\t\t<\/div>\n\t\t\t\t<\/div>\n\t\t\t\t<\/div>","protected":false},"excerpt":{"rendered":"","protected":false},"author":2,"featured_media":0,"parent":0,"menu_order":0,"comment_status":"closed","ping_status":"closed","template":"elementor_header_footer","meta":{"footnotes":""},"class_list":["post-5218","page","type-page","status-publish","hentry"],"_links":{"self":[{"href":"https:\/\/www.treehousekrasnahorka.sk\/hu\/wp-json\/wp\/v2\/pages\/5218","targetHints":{"allow":["GET"]}}],"collection":[{"href":"https:\/\/www.treehousekrasnahorka.sk\/hu\/wp-json\/wp\/v2\/pages"}],"about":[{"href":"https:\/\/www.treehousekrasnahorka.sk\/hu\/wp-json\/wp\/v2\/types\/page"}],"author":[{"embeddable":true,"href":"https:\/\/www.treehousekrasnahorka.sk\/hu\/wp-json\/wp\/v2\/users\/2"}],"replies":[{"embeddable":true,"href":"https:\/\/www.treehousekrasnahorka.sk\/hu\/wp-json\/wp\/v2\/comments?post=5218"}],"version-history":[{"count":7,"href":"https:\/\/www.treehousekrasnahorka.sk\/hu\/wp-json\/wp\/v2\/pages\/5218\/revisions"}],"predecessor-version":[{"id":5227,"href":"https:\/\/www.treehousekrasnahorka.sk\/hu\/wp-json\/wp\/v2\/pages\/5218\/revisions\/5227"}],"wp:attachment":[{"href":"https:\/\/www.treehousekrasnahorka.sk\/hu\/wp-json\/wp\/v2\/media?parent=5218"}],"curies":[{"name":"wp","href":"https:\/\/api.w.org\/{rel}","templated":true}]}}